{"id":21197,"date":"2023-11-15T13:16:59","date_gmt":"2023-11-15T13:16:59","guid":{"rendered":"https:\/\/firstclassfitness.nl\/?page_id=21197"},"modified":"2025-10-16T12:27:33","modified_gmt":"2025-10-16T10:27:33","slug":"doe-de-test","status":"publish","type":"page","link":"https:\/\/firstclassfitness.nl\/en\/doe-de-test\/","title":{"rendered":"Doe de test"},"content":{"rendered":"<div data-elementor-type=\"wp-page\" data-elementor-id=\"21197\" class=\"elementor elementor-21197\" data-elementor-post-type=\"page\">\n\t\t\t\t\t\t<section class=\"elementor-section elementor-top-section elementor-element elementor-element-1e7eda97 elementor-section-height-min-height elementor-section-boxed elementor-section-height-default elementor-section-items-middle\" data-id=\"1e7eda97\" data-element_type=\"section\" data-e-type=\"section\" data-settings=\"{&quot;background_background&quot;:&quot;classic&quot;,&quot;ekit_has_onepagescroll_dot&quot;:&quot;yes&quot;}\">\n\t\t\t\t\t\t\t<div class=\"elementor-background-overlay\"><\/div>\n\t\t\t\t\t\t\t<div class=\"elementor-container elementor-column-gap-default\">\n\t\t\t\t\t<div class=\"elementor-column elementor-col-100 elementor-top-column elementor-element elementor-element-35111c54\" data-id=\"35111c54\" data-element_type=\"column\" data-e-type=\"column\">\n\t\t\t<div class=\"elementor-widget-wrap elementor-element-populated\">\n\t\t\t\t\t\t<div class=\"elementor-element elementor-element-6d4f2223 elementor-widget elementor-widget-spacer\" data-id=\"6d4f2223\" data-element_type=\"widget\" data-e-type=\"widget\" data-settings=\"{&quot;ekit_we_effect_on&quot;:&quot;none&quot;}\" data-widget_type=\"spacer.default\">\n\t\t\t\t<div class=\"elementor-widget-container\">\n\t\t\t\t\t\t\t<div class=\"elementor-spacer\">\n\t\t\t<div class=\"elementor-spacer-inner\"><\/div>\n\t\t<\/div>\n\t\t\t\t\t\t<\/div>\n\t\t\t\t<\/div>\n\t\t\t\t\t<\/div>\n\t\t<\/div>\n\t\t\t\t\t<\/div>\n\t\t<\/section>\n\t\t\t\t<section class=\"elementor-section elementor-top-section elementor-element elementor-element-549c757 elementor-section-boxed elementor-section-height-default elementor-section-height-default\" data-id=\"549c757\" data-element_type=\"section\" data-e-type=\"section\" data-settings=\"{&quot;ekit_has_onepagescroll_dot&quot;:&quot;yes&quot;}\">\n\t\t\t\t\t\t<div class=\"elementor-container elementor-column-gap-default\">\n\t\t\t\t\t<div class=\"elementor-column elementor-col-66 elementor-top-column elementor-element elementor-element-0771f73\" data-id=\"0771f73\" data-element_type=\"column\" data-e-type=\"column\">\n\t\t\t<div class=\"elementor-widget-wrap elementor-element-populated\">\n\t\t\t\t\t\t<div class=\"elementor-element elementor-element-af71eab elementor-widget elementor-widget-text-editor\" data-id=\"af71eab\" data-element_type=\"widget\" data-e-type=\"widget\" data-settings=\"{&quot;ekit_we_effect_on&quot;:&quot;none&quot;}\" data-widget_type=\"text-editor.default\">\n\t\t\t\t<div class=\"elementor-widget-container\">\n\t\t\t\t\t\t\t\t\t<p>Personal Training heet niet voor niets Personal Training. Tijdens een kennismakingsgesprek kijken we samen wat het beste bij jou past. Die individuele benadering zorgt er ook voor dat er veel te kiezen valt. Met accenten op cardiotraining of functioneel trainen, traditioneel trainen, krachttraining. enzovoorts. E\u00e9n op \u00e9\u00e9n, duo- <a href=\"https:\/\/firstclassfitness.nl\/en\/nu-nog-meer-variatie-in-de-small-group-training\/\"  data-wpil-monitor-id=\"993\">training of mall group<\/a>. Wij hebben voor ieders budget een passend pakket.<\/p>\n<p>\u2192&nbsp;<a href=\"https:\/\/firstclassfitness.nl\/en\/contact\/\">Complete the contact form and receive an invitation within 24 hours.<\/a><\/p>\n<p><\/p>\t\t\t\t\t\t\t\t<\/div>\n\t\t\t\t<\/div>\n\t\t\t\t\t<\/div>\n\t\t<\/div>\n\t\t\t\t<div class=\"elementor-column elementor-col-33 elementor-top-column elementor-element elementor-element-1539e23\" data-id=\"1539e23\" data-element_type=\"column\" data-e-type=\"column\">\n\t\t\t<div class=\"elementor-widget-wrap elementor-element-populated\">\n\t\t\t\t\t\t<div class=\"elementor-element elementor-element-e914ce3 elementor-widget elementor-widget-sidebar\" data-id=\"e914ce3\" data-element_type=\"widget\" data-e-type=\"widget\" data-settings=\"{&quot;ekit_we_effect_on&quot;:&quot;none&quot;}\" data-widget_type=\"sidebar.default\">\n\t\t\t\t<div class=\"elementor-widget-container\">\n\t\t\t\t\t<section class=\"widget search-2 widget_search\"><div class=\"widget-inner\"><form role=\"search\" method=\"get\" id=\"searchform\" class=\"searchform\" action=\"https:\/\/firstclassfitness.nl\/en\/\" data-trp-original-action=\"https:\/\/firstclassfitness.nl\/en\/\">\n\t\t\t\t<div>\n\t\t\t\t\t<label class=\"screen-reader-text\" for=\"s\">Search for:<\/label>\n\t\t\t\t\t<input type=\"text\" value=\"\" name=\"s\" id=\"s\" \/>\n\t\t\t\t\t<input type=\"submit\" id=\"searchsubmit\" value=\"Search\" \/>\n\t\t\t\t<\/div>\n\t\t\t<input type=\"hidden\" name=\"trp-form-language\" value=\"en\"\/><\/form><\/div><\/section>\n\t\t<section class=\"widget recent-posts-3 widget_recent_entries\"><div class=\"widget-inner\">\n\t\t<h3 class=\"widget-title\">Recent Posts<\/h3>\n\t\t<ul>\n\t\t\t\t\t\t\t\t\t\t\t<li>\n\t\t\t\t\t<a href=\"https:\/\/firstclassfitness.nl\/en\/de-eiwittransitie-waarom-de-nieuwe-schijf-van-vijf-meer-vraagt-dan-alleen-andere-keuzes-maken\/\">The protein transition: why the new Food Pyramid requires more than just making different choices<\/a>\n\t\t\t\t\t\t\t\t\t<\/li>\n\t\t\t\t\t\t\t\t\t\t\t<li>\n\t\t\t\t\t<a href=\"https:\/\/firstclassfitness.nl\/en\/de-olifant-in-de-kamer-die-leefstijl-heet\/\">De olifant in de kamer die leefstijl heet<\/a>\n\t\t\t\t\t\t\t\t\t<\/li>\n\t\t\t\t\t\t\t\t\t\t\t<li>\n\t\t\t\t\t<a href=\"https:\/\/firstclassfitness.nl\/en\/de-personal-gym-als-oplaadstation-waarom-een-fijne-sfeer-de-sleutel-is-tot-een-fitter-brein\/\">The Personal Gym as a charging station: Why a nice atmosphere is the key to a fitter brain<\/a>\n\t\t\t\t\t\t\t\t\t<\/li>\n\t\t\t\t\t\t\t\t\t\t\t<li>\n\t\t\t\t\t<a href=\"https:\/\/firstclassfitness.nl\/en\/afvallen-met-ozempic-waarom-krachttraining-essentieel-is-voor-spierbehoud\/\">Losing weight with Ozempic: Why strength training is essential for muscle maintenance<\/a>\n\t\t\t\t\t\t\t\t\t<\/li>\n\t\t\t\t\t\t\t\t\t\t\t<li>\n\t\t\t\t\t<a href=\"https:\/\/firstclassfitness.nl\/en\/wat-je-stappenteller-je-niet-vertelt-maar-je-wel-zou-moeten-weten\/\">What your pedometer doesn't tell you \u2013 but you should know<\/a>\n\t\t\t\t\t\t\t\t\t<\/li>\n\t\t\t\t\t<\/ul>\n\n\t\t<\/div><\/section>\n                \t\t<section class=\"widget widget-social\">\n    \t\t<div class=\"widget-inner\">\n        \t\t                <h3 class=\"widget-title\">Follow<\/h3>\n                        \t\t\t<div class=\"soc-widget\">\n        \t\t\t<a target=\"_blank\"  href='#0'><i class='fa fa-facebook'><\/i><\/a><a target=\"_blank\"  href='#0'><i class='fa fa-twitter'><\/i><\/a><a target=\"_blank\"  href='#0'><i class='fa fa-instagram'><\/i><\/a>           \t\t\t<\/div>\n    \t\t\t<\/div>\n\t\t<\/section>\n\n\t\t<section class=\"widget_text widget custom_html-2 widget_custom_html\"><div class=\"widget_text widget-inner\"><h3 class=\"widget-title\">Free download<\/h3><div class=\"textwidget custom-html-widget\"><p>\r\n<a href=\"https:\/\/firstclassfitness.nl\/en\/onthullend-ebook\/\">\r\n<img fetchpriority=\"high\" decoding=\"async\" alt=\"voeding\" class=\"auto-style1\" height=\"275\" src=\"https:\/\/firstclassfitness.nl\/wp-content\/uploads\/2023\/10\/onzin-over-voeding-small-png.png\" width=\"381\" \/><\/a><\/p>\r\n<\/div><\/div><\/section>\t\t\t\t<\/div>\n\t\t\t\t<\/div>\n\t\t\t\t\t<\/div>\n\t\t<\/div>\n\t\t\t\t\t<\/div>\n\t\t<\/section>\n\t\t\t\t<\/div>","protected":false},"excerpt":{"rendered":"<p>Doe de gratis test First Class Fitness Delft Personal Training heet niet voor niets Personal Training. Tijdens een kennismakingsgesprek kijken we samen wat het beste bij jou past. Die individuele benadering zorgt er ook voor dat er veel te kiezen &hellip; <a href=\"https:\/\/firstclassfitness.nl\/en\/doe-de-test\/\">Read More<\/a><\/p>","protected":false},"author":1,"featured_media":0,"parent":0,"menu_order":0,"comment_status":"closed","ping_status":"closed","template":"","meta":{"_analytify_skip_tracking":false,"footnotes":""},"class_list":["post-21197","page","type-page","status-publish","hentry"],"_links":{"self":[{"href":"https:\/\/firstclassfitness.nl\/en\/wp-json\/wp\/v2\/pages\/21197","targetHints":{"allow":["GET"]}}],"collection":[{"href":"https:\/\/firstclassfitness.nl\/en\/wp-json\/wp\/v2\/pages"}],"about":[{"href":"https:\/\/firstclassfitness.nl\/en\/wp-json\/wp\/v2\/types\/page"}],"author":[{"embeddable":true,"href":"https:\/\/firstclassfitness.nl\/en\/wp-json\/wp\/v2\/users\/1"}],"replies":[{"embeddable":true,"href":"https:\/\/firstclassfitness.nl\/en\/wp-json\/wp\/v2\/comments?post=21197"}],"version-history":[{"count":0,"href":"https:\/\/firstclassfitness.nl\/en\/wp-json\/wp\/v2\/pages\/21197\/revisions"}],"wp:attachment":[{"href":"https:\/\/firstclassfitness.nl\/en\/wp-json\/wp\/v2\/media?parent=21197"}],"curies":[{"name":"wp","href":"https:\/\/api.w.org\/{rel}","templated":true}]}}