{"id":3623,"date":"2017-12-11T20:59:18","date_gmt":"2017-12-11T20:59:18","guid":{"rendered":"http:\/\/firstclassfitness.club\/?page_id=3623"},"modified":"2025-12-02T19:25:28","modified_gmt":"2025-12-02T18:25:28","slug":"afvallen-den-hoorn","status":"publish","type":"page","link":"https:\/\/firstclassfitness.nl\/en\/afslanken-delft\/afvallen-den-hoorn\/","title":{"rendered":"Afvallen Den Hoorn"},"content":{"rendered":"\t\t<div data-elementor-type=\"wp-page\" data-elementor-id=\"3623\" class=\"elementor elementor-3623\" data-elementor-post-type=\"page\">\n\t\t\t\t\t\t<section class=\"elementor-section elementor-top-section elementor-element elementor-element-aea3515 elementor-section-boxed elementor-section-height-default elementor-section-height-default\" data-id=\"aea3515\" data-element_type=\"section\" data-e-type=\"section\" data-settings=\"{&quot;ekit_has_onepagescroll_dot&quot;:&quot;yes&quot;}\">\n\t\t\t\t\t\t<div class=\"elementor-container elementor-column-gap-default\">\n\t\t\t\t\t<div class=\"elementor-column elementor-col-100 elementor-top-column elementor-element elementor-element-c4c6877\" data-id=\"c4c6877\" data-element_type=\"column\" data-e-type=\"column\">\n\t\t\t<div class=\"elementor-widget-wrap elementor-element-populated\">\n\t\t\t\t\t\t<div class=\"elementor-element elementor-element-d82a761 elementor-widget elementor-widget-image\" data-id=\"d82a761\" data-element_type=\"widget\" data-e-type=\"widget\" data-settings=\"{&quot;ekit_we_effect_on&quot;:&quot;none&quot;}\" data-widget_type=\"image.default\">\n\t\t\t\t<div class=\"elementor-widget-container\">\n\t\t\t\t\t\t\t\t\t\t\t\t\t\t\t<img fetchpriority=\"high\" decoding=\"async\" width=\"915\" height=\"514\" src=\"https:\/\/firstclassfitness.nl\/wp-content\/uploads\/2023\/12\/Nu-nog-meer-variatie-in-de-small-group-training.jpg\" class=\"attachment-large size-large wp-image-23255\" alt=\"\" srcset=\"https:\/\/firstclassfitness.nl\/wp-content\/uploads\/2023\/12\/Nu-nog-meer-variatie-in-de-small-group-training.jpg 915w, https:\/\/firstclassfitness.nl\/wp-content\/uploads\/2023\/12\/Nu-nog-meer-variatie-in-de-small-group-training-300x169.jpg 300w, https:\/\/firstclassfitness.nl\/wp-content\/uploads\/2023\/12\/Nu-nog-meer-variatie-in-de-small-group-training-768x431.jpg 768w, https:\/\/firstclassfitness.nl\/wp-content\/uploads\/2023\/12\/Nu-nog-meer-variatie-in-de-small-group-training-18x10.jpg 18w, https:\/\/firstclassfitness.nl\/wp-content\/uploads\/2023\/12\/Nu-nog-meer-variatie-in-de-small-group-training-534x300.jpg 534w, https:\/\/firstclassfitness.nl\/wp-content\/uploads\/2023\/12\/Nu-nog-meer-variatie-in-de-small-group-training-142x80.jpg 142w, https:\/\/firstclassfitness.nl\/wp-content\/uploads\/2023\/12\/Nu-nog-meer-variatie-in-de-small-group-training-394x221.jpg 394w\" sizes=\"(max-width: 915px) 100vw, 915px\">\t\t\t\t\t\t\t\t\t\t\t\t\t\t\t<\/div>\n\t\t\t\t<\/div>\n\t\t\t\t\t<\/div>\n\t\t<\/div>\n\t\t\t\t\t<\/div>\n\t\t<\/section>\n\t\t\t\t<section class=\"elementor-section elementor-top-section elementor-element elementor-element-441204c9 elementor-section-boxed elementor-section-height-default elementor-section-height-default\" data-id=\"441204c9\" data-element_type=\"section\" data-e-type=\"section\" data-settings=\"{&quot;ekit_has_onepagescroll_dot&quot;:&quot;yes&quot;}\">\n\t\t\t\t\t\t<div class=\"elementor-container elementor-column-gap-default\">\n\t\t\t\t\t<div class=\"elementor-column elementor-col-100 elementor-top-column elementor-element elementor-element-46b2e6b0\" data-id=\"46b2e6b0\" data-element_type=\"column\" data-e-type=\"column\">\n\t\t\t<div class=\"elementor-widget-wrap elementor-element-populated\">\n\t\t\t\t\t\t<div class=\"elementor-element elementor-element-40c6537b elementor-widget elementor-widget-text-editor\" data-id=\"40c6537b\" data-element_type=\"widget\" data-e-type=\"widget\" data-settings=\"{&quot;ekit_we_effect_on&quot;:&quot;none&quot;}\" data-widget_type=\"text-editor.default\">\n\t\t\t\t<div class=\"elementor-widget-container\">\n\t\t\t\t\t\t\t\t\t<h2>Afvallen voor bewoners van Den Hoorn eo.<\/h2><p>De afstand van Den Hoorn naar Delft bedraagt 10 minuten reistijd met de auto. Je vindt onze locatie aan de ring van Delft. En je kan bij ons gratis parkeren. Adres: Schieweg 1a. Delft. De intake voor voedingscoaching is gratis.<\/p><h3>Mooie verhalen<\/h3><p>Als het gaat om <a class=\"wpil_keyword_link\" href=\"https:\/\/firstclassfitness.nl\/personal-training\/\"   title=\"afvallen\" data-wpil-keyword-link=\"linked\"  data-wpil-monitor-id=\"217\">afvallen<\/a>, dan zijn er de meest fantastische verhalen te vinden. Met name het internet staat vol met beloftes. Ook voor die beloftes geldt; als iets bijna te mooi is om waar te zijn, dan is dat vaak ook zo. Wij bij First Class Fitness werken alleen met programma&#8217;s op wetenschappelijke basis die in de praktijk hun werking hebben bewezen.<\/p><h3>Nooit meer di\u00ebten<\/h3><p>De verleiding is groot; Di\u00ebten zijn er in vele maten en soorten. Caloriearme di\u00ebten. Koolhydraatarme di\u00ebten. Eiwitrijke di\u00ebten. Vetarme di\u00ebten. Enzovoorts. En eigenlijk maakt het niet zoveel uit welke je kiest. Want ze werken allemaal! Van alle di\u00ebten val je af. Maar als je stopt met di\u00ebten, kom je snel weer aan. Alleen zijn de meesten ronduit ongezond. Dit omdat ze afwijken van een gevarieerd eetpatroon en je al snel tekorten opbouwt.<\/p><p>Dus beter nooit meer di\u00ebten. Bij de methode van First Class Fitness mag (moet je zelfs) alles blijven eten. Echter we leren je wel je comfortabel te voelen bij een eetpatroon waarbij je tot een gezond lichaamsgewicht komt.<\/p><h3>Kies voor deskundigheid<\/h3><p>Bij First Class Fitness hebben we coaches die gediplomeerd zijn als <a href=\"https:\/\/gewichtsconsulenten.nl\/\" target=\"_blank\" rel=\"noopener\">Gewichtsconsulent<\/a>. Mensen met verstand van zaken dus die al vele honderden mensen hebben geholpen hun relatie met voeding te normaliseren. Kom dus ook eens praten, dan gaan we jou uitleggen hoe onze methode precies werkt. De intake is gratis.<br \/><br \/><\/p><p>\u00a0<\/p><h3>&#8220;Ja! Stuur mij alle (start-)informatie&#8221;\u00a0<\/h3>\t\t\t\t\t\t\t\t<\/div>\n\t\t\t\t<\/div>\n\t\t\t\t\t<\/div>\n\t\t<\/div>\n\t\t\t\t\t<\/div>\n\t\t<\/section>\n\t\t\t\t<section class=\"elementor-section elementor-top-section elementor-element elementor-element-87b770e elementor-section-boxed elementor-section-height-default elementor-section-height-default\" data-id=\"87b770e\" data-element_type=\"section\" data-e-type=\"section\" data-settings=\"{&quot;ekit_has_onepagescroll_dot&quot;:&quot;yes&quot;}\">\n\t\t\t\t\t\t<div class=\"elementor-container elementor-column-gap-default\">\n\t\t\t\t\t<div class=\"elementor-column elementor-col-50 elementor-top-column elementor-element elementor-element-b2d97ab\" data-id=\"b2d97ab\" data-element_type=\"column\" data-e-type=\"column\">\n\t\t\t<div class=\"elementor-widget-wrap elementor-element-populated\">\n\t\t\t\t\t\t<div class=\"elementor-element elementor-element-515aa24 elementor-widget elementor-widget-shortcode\" data-id=\"515aa24\" data-element_type=\"widget\" data-e-type=\"widget\" data-settings=\"{&quot;ekit_we_effect_on&quot;:&quot;none&quot;}\" data-widget_type=\"shortcode.default\">\n\t\t\t\t<div class=\"elementor-widget-container\">\n\t\t\t\t\t\t\t<div class=\"elementor-shortcode\"><div class='fluentform ff-default fluentform_wrapper_12 ffs_default_wrap'><form data-form_id=\"12\" id=\"fluentform_12\" class=\"frm-fluent-form fluent_form_12 ff-el-form-top ff_form_instance_12_1 ff-form-loading ffs_default\" data-form_instance=\"ff_form_instance_12_1\" method=\"POST\" ><fieldset  style=\"border: none!important;margin: 0!important;padding: 0!important;background-color: transparent!important;box-shadow: none!important;outline: none!important; min-inline-size: 100%;\">\n                    <legend class=\"ff_screen_reader_title\" style=\"display: block; margin: 0!important;padding: 0!important;height: 0!important;text-indent: -999999px;width: 0!important;overflow:hidden;\">Landingpage algemeen<\/legend><p style=\"display: none !important;\" class=\"akismet-fields-container\" data-prefix=\"ak_\"><label>&#916;<textarea name=\"ak_hp_textarea\" cols=\"45\" rows=\"8\" maxlength=\"100\"><\/textarea><\/label><input type=\"hidden\" id=\"ak_js_1\" name=\"ak_js\" value=\"45\"\/><script>document.getElementById( \"ak_js_1\" ).setAttribute( \"value\", ( new Date() ).getTime() );<\/script><\/p>        <div\n                style=\"display: none!important; position: absolute!important; transform: translateX(1000%)!important;\"\n                class=\"ff-el-group ff-hpsf-container\"\n        >\n            <div class=\"ff-el-input--label asterisk-right\">\n                <label for=\"ff_12_item_sf\" aria-label=\"Subscribe\">\n                    Subscribe                <\/label>\n            <\/div>\n            <div class=\"ff-el-input--content\">\n                <input type=\"text\"\n                       name=\"item_12__fluent_sf\"\n                       class=\"ff-el-form-control\"\n                       id=\"ff_12_item_sf\"\n                \/>\n            <\/div>\n        <\/div>\n        <input type='hidden' name='__fluent_form_embded_post_id' value='3623' \/><input type=\"hidden\" id=\"_fluentform_12_fluentformnonce\" name=\"_fluentform_12_fluentformnonce\" value=\"f556901a80\" \/><input type=\"hidden\" name=\"_wp_http_referer\" value=\"\/en\/wp-json\/wp\/v2\/pages\/3623\" \/><div data-type=\"name-element\" data-name=\"names\" class=\" ff-field_container ff-name-field-wrapper\" ><div class='ff-t-container'><div class='ff-t-cell '><div class='ff-el-group'><div class=\"ff-el-input--label ff-el-is-required asterisk-right\"><label for='ff_12_names_first_name_' id='label_ff_12_names_first_name_' >Naam<\/label><\/div><div class='ff-el-input--content'><input type=\"text\" name=\"names[first_name]\" id=\"ff_12_names_first_name_\" class=\"ff-el-form-control\" placeholder=\"Hier je naam\" aria-invalid=\"false\" aria-required=true><\/div><\/div><\/div><\/div><\/div><div class='ff-el-group'><div class=\"ff-el-input--label ff-el-is-required asterisk-right\"><label for='ff_12_email' id='label_ff_12_email' aria-label=\"E-mail\">E-mail<\/label><\/div><div class='ff-el-input--content'><input type=\"email\" name=\"email\" id=\"ff_12_email\" class=\"ff-el-form-control\" placeholder=\"Hier je e-mailadres\" data-name=\"email\"  aria-invalid=\"false\" aria-required=true><\/div><\/div><div class='ff-el-group'><div class=\"ff-el-input--label ff-el-is-required asterisk-right\"><label for='ff_12_input_text' id='label_ff_12_input_text' aria-label=\"Telefoon\">Telefoon<\/label><\/div><div class='ff-el-input--content'><input type=\"text\" name=\"input_text\" class=\"ff-el-form-control\" placeholder=\"Nummer van je mobiele telefoon\" data-name=\"input_text\" id=\"ff_12_input_text\"  aria-invalid=\"false\" aria-required=true><\/div><\/div><div class='ff-el-group'><div class=\"ff-el-input--label asterisk-right\"><label for='ff_12_description' id='label_ff_12_description' aria-label=\"Bericht\">Bericht<\/label><\/div><div class='ff-el-input--content'><textarea aria-required=\"false\" aria-labelledby=\"label_ff_12_description\" name=\"description\" id=\"ff_12_description\" class=\"ff-el-form-control\" rows=\"3\" cols=\"2\" data-name=\"description\" ><\/textarea><\/div><\/div><div class='ff-el-group'><div class='ff-el-input--content'><div class='ff-el-form-check ff-el-form-check-'><label class='ff-el-form-check-label' for='checkbox_139cb38af2e0379a77742221b6ea929b'><input  type=\"checkbox\" name=\"checkbox[]\" data-name=\"checkbox\" class=\"ff-el-form-check-input ff-el-form-check-checkbox\" value=\"Ik ga akkoord met de Privacyverklaring\"  id='checkbox_139cb38af2e0379a77742221b6ea929b' aria-label='Ik ga akkoord met de Privacyverklaring' aria-invalid='false' aria-required=true> <span>Ik ga akkoord met de Privacyverklaring<\/span><\/label><\/div><\/div><\/div><div class='ff-el-group ff-text-left ff_submit_btn_wrapper'><button type=\"submit\" class=\"ff-btn ff-btn-submit ff-btn-md ff_btn_style\"  aria-label=\"VERZENDEN\">VERZENDEN<\/button><\/div><\/fieldset><\/form><div id='fluentform_12_errors' class='ff-errors-in-stack ff_form_instance_12_1 ff-form-loading_errors ff_form_instance_12_1_errors'><\/div><\/div>            <script type=\"text\/javascript\">\n                window.fluent_form_ff_form_instance_12_1 = {\"id\":\"12\",\"ajaxUrl\":\"https:\\\/\\\/firstclassfitness.nl\\\/wp-admin\\\/admin-ajax.php\",\"settings\":{\"layout\":{\"labelPlacement\":\"top\",\"helpMessagePlacement\":\"with_label\",\"errorMessagePlacement\":\"inline\",\"cssClassName\":\"\",\"asteriskPlacement\":\"asterisk-right\"},\"restrictions\":{\"denyEmptySubmission\":{\"enabled\":false}}},\"form_instance\":\"ff_form_instance_12_1\",\"form_id_selector\":\"fluentform_12\",\"rules\":{\"names[first_name]\":{\"required\":{\"value\":true,\"message\":\"Verplicht invullen\",\"global\":false,\"global_message\":\"Dit veld is vereist\"}},\"names[middle_name]\":{\"required\":{\"value\":false,\"message\":\"This field is required\",\"global\":false,\"global_message\":\"Dit veld is vereist\"}},\"names[last_name]\":{\"required\":{\"value\":false,\"message\":\"This field is required\",\"global\":false,\"global_message\":\"Dit veld is vereist\"}},\"email\":{\"required\":{\"value\":true,\"message\":\"Verplicht\",\"global\":false,\"global_message\":\"Dit veld is vereist\"},\"email\":{\"value\":true,\"message\":\"vul geldig emailadres in\",\"global\":false,\"global_message\":\"Dit veld moet een geldig e-mailadres bevatten\"}},\"input_text\":{\"required\":{\"value\":true,\"message\":\"Dit veld is vereist\",\"global_message\":\"Dit veld is vereist\",\"global\":true}},\"description\":{\"required\":{\"value\":false,\"message\":\"Dit veld is vereist\",\"global_message\":\"Dit veld is vereist\",\"global\":true}},\"checkbox\":{\"required\":{\"value\":true,\"message\":\"Dit veld is vereist\",\"global_message\":\"Dit veld is vereist\",\"global\":true}}},\"debounce_time\":300};\n                            <\/script>\n            <\/div>\n\t\t\t\t\t\t<\/div>\n\t\t\t\t<\/div>\n\t\t\t\t\t<\/div>\n\t\t<\/div>\n\t\t\t\t<div class=\"elementor-column elementor-col-50 elementor-top-column elementor-element elementor-element-2f74bdd\" data-id=\"2f74bdd\" data-element_type=\"column\" data-e-type=\"column\">\n\t\t\t<div class=\"elementor-widget-wrap\">\n\t\t\t\t\t\t\t<\/div>\n\t\t<\/div>\n\t\t\t\t\t<\/div>\n\t\t<\/section>\n\t\t\t\t<section class=\"elementor-section elementor-top-section elementor-element elementor-element-a59ba0a elementor-section-boxed elementor-section-height-default elementor-section-height-default\" data-id=\"a59ba0a\" data-element_type=\"section\" data-e-type=\"section\" data-settings=\"{&quot;ekit_has_onepagescroll_dot&quot;:&quot;yes&quot;}\">\n\t\t\t\t\t\t<div class=\"elementor-container elementor-column-gap-default\">\n\t\t\t\t\t<div class=\"elementor-column elementor-col-50 elementor-top-column elementor-element elementor-element-51e9bf0\" data-id=\"51e9bf0\" data-element_type=\"column\" data-e-type=\"column\">\n\t\t\t<div class=\"elementor-widget-wrap\">\n\t\t\t\t\t\t\t<\/div>\n\t\t<\/div>\n\t\t\t\t<div class=\"elementor-column elementor-col-50 elementor-top-column elementor-element elementor-element-cd27f73\" data-id=\"cd27f73\" data-element_type=\"column\" data-e-type=\"column\">\n\t\t\t<div class=\"elementor-widget-wrap\">\n\t\t\t\t\t\t\t<\/div>\n\t\t<\/div>\n\t\t\t\t\t<\/div>\n\t\t<\/section>\n\t\t\t\t<\/div>\n\t\t","protected":false},"excerpt":{"rendered":"<p>Afvallen voor bewoners van Den Hoorn eo. De afstand van Den Hoorn naar Delft bedraagt 10 minuten reistijd met de auto. Je vindt onze locatie aan de ring van Delft. En je kan bij ons gratis parkeren. Adres: Schieweg 1a. &hellip; <a href=\"https:\/\/firstclassfitness.nl\/en\/afslanken-delft\/afvallen-den-hoorn\/\">Read More<\/a><\/p>","protected":false},"author":1,"featured_media":0,"parent":3627,"menu_order":0,"comment_status":"closed","ping_status":"closed","template":"","meta":{"_analytify_skip_tracking":false,"footnotes":""},"class_list":["post-3623","page","type-page","status-publish","hentry"],"_links":{"self":[{"href":"https:\/\/firstclassfitness.nl\/en\/wp-json\/wp\/v2\/pages\/3623","targetHints":{"allow":["GET"]}}],"collection":[{"href":"https:\/\/firstclassfitness.nl\/en\/wp-json\/wp\/v2\/pages"}],"about":[{"href":"https:\/\/firstclassfitness.nl\/en\/wp-json\/wp\/v2\/types\/page"}],"author":[{"embeddable":true,"href":"https:\/\/firstclassfitness.nl\/en\/wp-json\/wp\/v2\/users\/1"}],"replies":[{"embeddable":true,"href":"https:\/\/firstclassfitness.nl\/en\/wp-json\/wp\/v2\/comments?post=3623"}],"version-history":[{"count":0,"href":"https:\/\/firstclassfitness.nl\/en\/wp-json\/wp\/v2\/pages\/3623\/revisions"}],"up":[{"embeddable":true,"href":"https:\/\/firstclassfitness.nl\/en\/wp-json\/wp\/v2\/pages\/3627"}],"wp:attachment":[{"href":"https:\/\/firstclassfitness.nl\/en\/wp-json\/wp\/v2\/media?parent=3623"}],"curies":[{"name":"wp","href":"https:\/\/api.w.org\/{rel}","templated":true}]}}